{"id":50083,"date":"2026-01-06T20:25:17","date_gmt":"2026-01-06T20:25:17","guid":{"rendered":"https:\/\/lescreationsmad.com\/about-us\/"},"modified":"2026-01-19T15:02:27","modified_gmt":"2026-01-19T15:02:27","slug":"about-us","status":"publish","type":"page","link":"https:\/\/lescreationsmad.com\/en\/about-us\/","title":{"rendered":"About us"},"content":{"rendered":"<p>[et_pb_section fb_built=&#8221;1&#8243; custom_padding_last_edited=&#8221;on|phone&#8221; _builder_version=&#8221;4.27.5&#8243; _module_preset=&#8221;default&#8221; background_enable_color=&#8221;off&#8221; use_background_color_gradient=&#8221;on&#8221; background_color_gradient_stops=&#8221;rgba(0,0,0,0.68) 1%|rgba(0,0,0,0.68) 100%&#8221; background_color_gradient_overlays_image=&#8221;on&#8221; background_image=&#8221;https:\/\/lescreationsmad.com\/wp-content\/uploads\/2026\/01\/les-creations-mad-a-propos-equipe.webp&#8221; custom_padding=&#8221;170px||170px||true|false&#8221; custom_padding_tablet=&#8221;170px||170px||true|false&#8221; custom_padding_phone=&#8221;70px||70px||true|false&#8221; global_colors_info=&#8221;{}&#8221;][et_pb_row _builder_version=&#8221;4.27.5&#8243; _module_preset=&#8221;default&#8221; global_colors_info=&#8221;{}&#8221;][et_pb_column type=&#8221;4_4&#8243; _builder_version=&#8221;4.27.5&#8243; _module_preset=&#8221;default&#8221; global_colors_info=&#8221;{}&#8221;][et_pb_text _builder_version=&#8221;4.27.5&#8243; _module_preset=&#8221;default&#8221; text_font=&#8221;|700|||||||&#8221; text_text_color=&#8221;#FAAB30&#8243; header_font=&#8221;|||on|||||&#8221; header_text_color=&#8221;#FFFFFF&#8221; header_font_size=&#8221;38px&#8221; header_2_font=&#8221;|800|||||||&#8221; header_2_text_color=&#8221;#FAAB30&#8243; header_2_font_size=&#8221;18px&#8221; header_2_line_height=&#8221;1.6em&#8221; custom_margin=&#8221;||16px|||&#8221; hover_enabled=&#8221;0&#8243; global_colors_info=&#8221;{}&#8221; animation_style=&#8221;slide&#8221; animation_direction=&#8221;right&#8221; animation_duration=&#8221;600ms&#8221; sticky_enabled=&#8221;0&#8243;]<\/p>\n<h2>Les Cr\u00e9ations MAD<\/h2>\n<h1>About us<\/h1>\n<p>[\/et_pb_text][et_pb_button button_url=&#8221;en\/contact\/#formulaire&#8221; button_text=&#8221;Free Quote&#8221; button_alignment=&#8221;left&#8221; _builder_version=&#8221;4.27.5&#8243; custom_button=&#8221;on&#8221; button_text_size=&#8221;18px&#8221; button_text_color=&#8221;#FFFFFF&#8221; button_bg_color=&#8221;#FAAB30&#8243; button_border_width=&#8221;0px&#8221; button_border_color=&#8221;#FAAB30&#8243; button_border_radius=&#8221;0px&#8221; button_font=&#8221;Roboto Condensed|700|||||||&#8221; button_use_icon=&#8221;off&#8221; hover_enabled=&#8221;0&#8243; locked=&#8221;off&#8221; global_colors_info=&#8221;{}&#8221; button_bg_color__hover_enabled=&#8221;on|hover&#8221; button_bg_color__hover=&#8221;#073757&#8243; button_letter_spacing__hover_enabled=&#8221;on|hover&#8221; button_letter_spacing__hover=&#8221;0px&#8221; button_text_color__hover=&#8221;#FFFFFF&#8221; button_text_color__hover_enabled=&#8221;on|hover&#8221; button_border_color__hover=&#8221;#073757&#8243; button_border_color__hover_enabled=&#8221;on|desktop&#8221; button_border_width__hover=&#8221;1px&#8221; button_border_width__hover_enabled=&#8221;on|hover&#8221; button_bg_enable_color__hover=&#8221;on&#8221; animation_style=&#8221;slide&#8221; animation_duration=&#8221;600ms&#8221; animation_direction=&#8221;right&#8221; sticky_enabled=&#8221;0&#8243;][\/et_pb_button][\/et_pb_column][\/et_pb_row][\/et_pb_section][et_pb_section fb_built=&#8221;1&#8243; _builder_version=&#8221;4.27.5&#8243; _module_preset=&#8221;default&#8221; global_colors_info=&#8221;{}&#8221;][et_pb_row _builder_version=&#8221;4.27.5&#8243; _module_preset=&#8221;default&#8221; global_colors_info=&#8221;{}&#8221;][et_pb_column type=&#8221;4_4&#8243; _builder_version=&#8221;4.27.5&#8243; _module_preset=&#8221;default&#8221; global_colors_info=&#8221;{}&#8221;][et_pb_image src=&#8221;https:\/\/lescreationsmad.com\/wp-content\/uploads\/2026\/01\/les-creations-mad-favicon-logo.webp&#8221; alt=&#8221;Les Cr\u00e9ations MAD&#8221; title_text=&#8221;les-creations-mad-favicon-logo&#8221; align=&#8221;center&#8221; _builder_version=&#8221;4.27.5&#8243; _module_preset=&#8221;default&#8221; width=&#8221;20%&#8221; width_tablet=&#8221;20%&#8221; width_phone=&#8221;40%&#8221; width_last_edited=&#8221;on|phone&#8221; global_colors_info=&#8221;{}&#8221;][\/et_pb_image][et_pb_text _builder_version=&#8221;4.27.5&#8243; _module_preset=&#8221;default&#8221; text_text_color=&#8221;#073757&#8243; header_2_font=&#8221;|800|||||||&#8221; header_2_text_color=&#8221;#073757&#8243; global_colors_info=&#8221;{}&#8221;]<\/p>\n<h2 style=\"text-align: center;\">The beginning of Cr\u00e9ations MAD in 2020<\/h2>\n<p>[\/et_pb_text][et_pb_divider color=&#8221;#FAAB30&#8243; divider_weight=&#8221;3px&#8221; _builder_version=&#8221;4.27.5&#8243; _module_preset=&#8221;default&#8221; width=&#8221;7%&#8221; module_alignment=&#8221;center&#8221; global_colors_info=&#8221;{}&#8221;][\/et_pb_divider][et_pb_text _builder_version=&#8221;4.27.5&#8243; _module_preset=&#8221;default&#8221; text_text_color=&#8221;#073757&#8243; link_font=&#8221;|800|||||||&#8221; link_text_color=&#8221;#FAAB30&#8243; header_2_font=&#8221;|800|||||||&#8221; header_2_text_color=&#8221;#073757&#8243; global_colors_info=&#8221;{}&#8221;]<\/p>\n<p style=\"text-align: center;\"><a href=\"\/\">Les cr\u00e9ations MAD<\/a> is a family business with a close-knit team dedicated to offering you the best turnkey service. With over 18 years&#8217; experience in excavation, formwork and concrete, we guarantee <a href=\"https:\/\/lescreationsmad.com\/nos-projets\/\">results<\/a> that live up to your expectations.<\/p>\n<p style=\"text-align: center;\">Your trust is particularly important to us. That&#8217;s why we work with great attention to detail to ensure there are no unpleasant surprises. Whether your project is large or small, we&#8217;ll make it happen, according to your budget and requirements!<\/p>\n<p>[\/et_pb_text][et_pb_button button_url=&#8221;@ET-DC@eyJkeW5hbWljIjp0cnVlLCJjb250ZW50IjoicG9zdF9saW5rX3VybF9wYWdlIiwic2V0dGluZ3MiOnsicG9zdF9pZCI6IjI4NzUyIiwiZW5hYmxlX2h0bWwiOiJvZmYifX0=@&#8221; button_text=&#8221;Contact us&#8221; button_alignment=&#8221;center&#8221; _builder_version=&#8221;4.27.5&#8243; _dynamic_attributes=&#8221;button_url&#8221; custom_button=&#8221;on&#8221; button_text_size=&#8221;18px&#8221; button_text_color=&#8221;#FFFFFF&#8221; button_bg_color=&#8221;#073757&#8243; button_border_width=&#8221;0px&#8221; button_border_radius=&#8221;0px&#8221; button_font=&#8221;Roboto Condensed|700|||||||&#8221; button_use_icon=&#8221;off&#8221; locked=&#8221;off&#8221; global_colors_info=&#8221;{}&#8221; button_bg_color__hover_enabled=&#8221;on|hover&#8221; button_bg_color__hover=&#8221;#FFFFFF&#8221; button_letter_spacing__hover_enabled=&#8221;on|hover&#8221; button_letter_spacing__hover=&#8221;0px&#8221; button_text_color__hover=&#8221;#073757&#8243; button_text_color__hover_enabled=&#8221;on|hover&#8221; button_border_color__hover=&#8221;#FAAB30&#8243; button_border_color__hover_enabled=&#8221;on|hover&#8221; button_border_width__hover=&#8221;1px&#8221; button_border_width__hover_enabled=&#8221;on|hover&#8221; button_bg_enable_color__hover=&#8221;on&#8221;][\/et_pb_button][\/et_pb_column][\/et_pb_row][\/et_pb_section][et_pb_section fb_built=&#8221;1&#8243; _builder_version=&#8221;4.27.5&#8243; _module_preset=&#8221;default&#8221; background_color=&#8221;#073757&#8243; custom_padding=&#8221;||||false|false&#8221; global_colors_info=&#8221;{}&#8221;][et_pb_row column_structure=&#8221;1_2,1_2&#8243; use_custom_gutter=&#8221;on&#8221; gutter_width=&#8221;2&#8243; make_equal=&#8221;on&#8221; _builder_version=&#8221;4.27.5&#8243; _module_preset=&#8221;default&#8221; custom_margin=&#8221;||||false|false&#8221; custom_padding=&#8221;0px||0px||false|false&#8221; global_colors_info=&#8221;{}&#8221;][et_pb_column type=&#8221;1_2&#8243; _builder_version=&#8221;4.27.5&#8243; _module_preset=&#8221;default&#8221; global_colors_info=&#8221;{}&#8221;][et_pb_cta _builder_version=&#8221;4.27.5&#8243; _module_preset=&#8221;default&#8221; header_font=&#8221;|700|||||||&#8221; body_line_height=&#8221;1.4em&#8221; background_enable_color=&#8221;off&#8221; use_background_color_gradient=&#8221;on&#8221; background_color_gradient_stops=&#8221;rgba(0,0,0,0.74) 0%|rgba(0,0,0,0.74) 100%&#8221; background_color_gradient_overlays_image=&#8221;on&#8221; background_image=&#8221;https:\/\/lescreationsmad.com\/wp-content\/uploads\/2026\/01\/nos-valeurs-creations-mad.webp&#8221; custom_padding=&#8221;90px||70px||false|false&#8221; hover_enabled=&#8221;0&#8243; border_radii=&#8221;on|8px|8px|8px|8px&#8221; box_shadow_style=&#8221;preset1&#8243; box_shadow_color=&#8221;rgba(0,0,0,0.25)&#8221; global_colors_info=&#8221;{}&#8221; transform_styles__hover_enabled=&#8221;on|hover&#8221; transform_scale__hover_enabled=&#8221;on|hover&#8221; transform_translate__hover_enabled=&#8221;on|desktop&#8221; transform_rotate__hover_enabled=&#8221;on|desktop&#8221; transform_skew__hover_enabled=&#8221;on|desktop&#8221; transform_origin__hover_enabled=&#8221;on|desktop&#8221; transform_scale__hover=&#8221;103%|103%&#8221; animation_style=&#8221;slide&#8221; animation_duration=&#8221;600ms&#8221; sticky_enabled=&#8221;0&#8243;]<\/p>\n<p><strong>Our values<\/strong><\/p>\n<p>Transparency<br \/>Honesty<br \/>Courtesy<\/p>\n<p>[\/et_pb_cta][\/et_pb_column][et_pb_column type=&#8221;1_2&#8243; _builder_version=&#8221;4.27.5&#8243; _module_preset=&#8221;default&#8221; global_colors_info=&#8221;{}&#8221;][et_pb_cta _builder_version=&#8221;4.27.5&#8243; _module_preset=&#8221;default&#8221; header_font=&#8221;|700|||||||&#8221; body_line_height=&#8221;1.4em&#8221; background_enable_color=&#8221;off&#8221; use_background_color_gradient=&#8221;on&#8221; background_color_gradient_stops=&#8221;rgba(0,0,0,0.74) 0%|rgba(0,0,0,0.74) 100%&#8221; background_color_gradient_overlays_image=&#8221;on&#8221; background_image=&#8221;https:\/\/lescreationsmad.com\/wp-content\/uploads\/2026\/01\/objectifs-les-creations-mad.webp&#8221; custom_padding=&#8221;90px||70px||false|false&#8221; hover_enabled=&#8221;0&#8243; border_radii=&#8221;on|8px|8px|8px|8px&#8221; box_shadow_style=&#8221;preset1&#8243; box_shadow_color=&#8221;rgba(0,0,0,0.25)&#8221; global_colors_info=&#8221;{}&#8221; transform_styles__hover_enabled=&#8221;on|hover&#8221; transform_scale__hover=&#8221;103%|103%&#8221; transform_scale__hover_enabled=&#8221;on|hover&#8221; transform_translate__hover_enabled=&#8221;on|desktop&#8221; transform_rotate__hover_enabled=&#8221;on|desktop&#8221; transform_skew__hover_enabled=&#8221;on|desktop&#8221; transform_origin__hover_enabled=&#8221;on|desktop&#8221; animation_style=&#8221;slide&#8221; animation_duration=&#8221;600ms&#8221; sticky_enabled=&#8221;0&#8243;]<\/p>\n<p><strong>Our goals<\/strong><\/p>\n<p>Build a Relationship of Trust with Our Customers<br \/>Make Our Services Accessible to All<br \/>Offer the Best Possible Turnkey Services<\/p>\n<p>[\/et_pb_cta][\/et_pb_column][\/et_pb_row][\/et_pb_section][et_pb_section fb_built=&#8221;1&#8243; _builder_version=&#8221;4.27.5&#8243; _module_preset=&#8221;default&#8221; global_colors_info=&#8221;{}&#8221;][et_pb_row _builder_version=&#8221;4.27.5&#8243; _module_preset=&#8221;default&#8221; global_colors_info=&#8221;{}&#8221;][et_pb_column type=&#8221;4_4&#8243; _builder_version=&#8221;4.27.5&#8243; _module_preset=&#8221;default&#8221; global_colors_info=&#8221;{}&#8221;][et_pb_text _builder_version=&#8221;4.27.5&#8243; _module_preset=&#8221;default&#8221; text_text_color=&#8221;#FFFFFF&#8221; text_font_size=&#8221;22px&#8221; text_line_height=&#8221;1.6em&#8221; background_color=&#8221;#FAAB30&#8243; text_orientation=&#8221;center&#8221; custom_margin=&#8221;||-10px||false|false&#8221; custom_padding=&#8221;50px|20px|50px|20px|true|true&#8221; text_font_size_tablet=&#8221;22px&#8221; text_font_size_phone=&#8221;18px&#8221; text_font_size_last_edited=&#8221;on|phone&#8221; border_radii=&#8221;on|8px|8px|8px|8px&#8221; global_colors_info=&#8221;{}&#8221;]<\/p>\n<p><strong>TRUST OUR TEAM, WHATEVER YOUR PROJECT!<\/strong><br \/>We offer you a free quote<\/p>\n<p>[\/et_pb_text][et_pb_button button_url=&#8221;en\/contact\/#formulaire&#8221; button_text=&#8221;Free Quote&#8221; button_alignment=&#8221;center&#8221; _builder_version=&#8221;4.27.5&#8243; custom_button=&#8221;on&#8221; button_text_size=&#8221;18px&#8221; button_text_color=&#8221;#FFFFFF&#8221; button_bg_color=&#8221;#073757&#8243; button_border_width=&#8221;0px&#8221; button_border_radius=&#8221;0px&#8221; button_font=&#8221;Roboto Condensed|700|||||||&#8221; button_use_icon=&#8221;off&#8221; locked=&#8221;off&#8221; global_colors_info=&#8221;{}&#8221; button_bg_color__hover_enabled=&#8221;on|hover&#8221; button_bg_color__hover=&#8221;#FFFFFF&#8221; button_letter_spacing__hover_enabled=&#8221;on|hover&#8221; button_letter_spacing__hover=&#8221;0px&#8221; button_text_color__hover=&#8221;#073757&#8243; button_text_color__hover_enabled=&#8221;on|hover&#8221; button_border_color__hover=&#8221;#FAAB30&#8243; button_border_color__hover_enabled=&#8221;on|hover&#8221; button_border_width__hover=&#8221;1px&#8221; button_border_width__hover_enabled=&#8221;on|hover&#8221; button_bg_enable_color__hover=&#8221;on&#8221;][\/et_pb_button][\/et_pb_column][\/et_pb_row][\/et_pb_section]<\/p>\n","protected":false},"excerpt":{"rendered":"<p>Les Cr\u00e9ations MAD About usThe beginning of Cr\u00e9ations MAD in 2020Les cr\u00e9ations MAD is a family business with a close-knit team dedicated to offering you the best turnkey service. With over 18 years&#8217; experience in excavation, formwork and concrete, we guarantee results that live up to your expectations. Your trust is particularly important to us. [&hellip;]<\/p>\n","protected":false},"author":1,"featured_media":50112,"parent":0,"menu_order":0,"comment_status":"closed","ping_status":"closed","template":"","meta":{"_et_pb_use_builder":"on","_et_pb_old_content":"","_et_gb_content_width":"","footnotes":""},"class_list":["post-50083","page","type-page","status-publish","has-post-thumbnail","hentry"],"_links":{"self":[{"href":"https:\/\/lescreationsmad.com\/en\/wp-json\/wp\/v2\/pages\/50083","targetHints":{"allow":["GET"]}}],"collection":[{"href":"https:\/\/lescreationsmad.com\/en\/wp-json\/wp\/v2\/pages"}],"about":[{"href":"https:\/\/lescreationsmad.com\/en\/wp-json\/wp\/v2\/types\/page"}],"author":[{"embeddable":true,"href":"https:\/\/lescreationsmad.com\/en\/wp-json\/wp\/v2\/users\/1"}],"replies":[{"embeddable":true,"href":"https:\/\/lescreationsmad.com\/en\/wp-json\/wp\/v2\/comments?post=50083"}],"version-history":[{"count":5,"href":"https:\/\/lescreationsmad.com\/en\/wp-json\/wp\/v2\/pages\/50083\/revisions"}],"predecessor-version":[{"id":50088,"href":"https:\/\/lescreationsmad.com\/en\/wp-json\/wp\/v2\/pages\/50083\/revisions\/50088"}],"wp:featuredmedia":[{"embeddable":true,"href":"https:\/\/lescreationsmad.com\/en\/wp-json\/wp\/v2\/media\/50112"}],"wp:attachment":[{"href":"https:\/\/lescreationsmad.com\/en\/wp-json\/wp\/v2\/media?parent=50083"}],"curies":[{"name":"wp","href":"https:\/\/api.w.org\/{rel}","templated":true}]}}